{"id":527,"date":"2020-12-05T14:16:07","date_gmt":"2020-12-05T13:16:07","guid":{"rendered":"https:\/\/digitalerhumanismus.org\/?page_id=527"},"modified":"2020-12-19T19:46:51","modified_gmt":"2020-12-19T18:46:51","slug":"impressum","status":"publish","type":"page","link":"https:\/\/digitalerhumanismus.org\/en\/impressum\/","title":{"rendered":"Impressum 1"},"content":{"rendered":"<div data-elementor-type=\"wp-page\" data-elementor-id=\"527\" class=\"elementor elementor-527\">\n\t\t\t\t\t\t<section class=\"elementor-section elementor-top-section elementor-element elementor-element-ecd7213 elementor-section-boxed elementor-section-height-default elementor-section-height-default\" data-id=\"ecd7213\" data-element_type=\"section\" data-e-type=\"section\">\n\t\t\t\t\t\t<div class=\"elementor-container elementor-column-gap-default\">\n\t\t\t\t\t<div class=\"elementor-column elementor-col-100 elementor-top-column elementor-element elementor-element-4d07e8e\" data-id=\"4d07e8e\" data-element_type=\"column\" data-e-type=\"column\">\n\t\t\t<div class=\"elementor-widget-wrap elementor-element-populated\">\n\t\t\t\t\t\t<div class=\"elementor-element elementor-element-6e85739 elementor-widget elementor-widget-heading\" data-id=\"6e85739\" data-element_type=\"widget\" data-e-type=\"widget\" data-widget_type=\"heading.default\">\n\t\t\t\t<div class=\"elementor-widget-container\">\n\t\t\t\t\t<h1 class=\"elementor-heading-title elementor-size-default\">Impressum<\/h1>\t\t\t\t<\/div>\n\t\t\t\t<\/div>\n\t\t\t\t\t<\/div>\n\t\t<\/div>\n\t\t\t\t\t<\/div>\n\t\t<\/section>\n\t\t\t\t<section class=\"elementor-section elementor-top-section elementor-element elementor-element-982a479 elementor-section-boxed elementor-section-height-default elementor-section-height-default\" data-id=\"982a479\" data-element_type=\"section\" data-e-type=\"section\">\n\t\t\t\t\t\t<div class=\"elementor-container elementor-column-gap-default\">\n\t\t\t\t\t<div class=\"elementor-column elementor-col-100 elementor-top-column elementor-element elementor-element-4789d4e\" data-id=\"4789d4e\" data-element_type=\"column\" data-e-type=\"column\">\n\t\t\t<div class=\"elementor-widget-wrap elementor-element-populated\">\n\t\t\t\t\t\t<div class=\"elementor-element elementor-element-296659e elementor-invisible elementor-widget elementor-widget-image\" data-id=\"296659e\" data-element_type=\"widget\" data-e-type=\"widget\" data-settings=\"{&quot;_animation&quot;:&quot;fadeInDown&quot;}\" data-widget_type=\"image.default\">\n\t\t\t\t<div class=\"elementor-widget-container\">\n\t\t\t\t\t\t\t\t\t\t\t\t\t\t\t<img decoding=\"async\" data-attachment-id=\"547\" data-permalink=\"https:\/\/digitalerhumanismus.org\/en\/digitaler-humanismus-2\/parmenides-foundation\/\" data-orig-file=\"https:\/\/i0.wp.com\/digitalerhumanismus.org\/wp-content\/uploads\/2020\/12\/Parmenides-Foundation.png?fit=125%2C133&amp;ssl=1\" data-orig-size=\"125,133\" data-comments-opened=\"0\" data-image-meta=\"{&quot;aperture&quot;:&quot;0&quot;,&quot;credit&quot;:&quot;&quot;,&quot;camera&quot;:&quot;&quot;,&quot;caption&quot;:&quot;&quot;,&quot;created_timestamp&quot;:&quot;0&quot;,&quot;copyright&quot;:&quot;&quot;,&quot;focal_length&quot;:&quot;0&quot;,&quot;iso&quot;:&quot;0&quot;,&quot;shutter_speed&quot;:&quot;0&quot;,&quot;title&quot;:&quot;&quot;,&quot;orientation&quot;:&quot;0&quot;}\" data-image-title=\"Parmenides-Foundation\" data-image-description=\"&lt;p&gt;digitaler-humanismus-Studie \u00fcber das denken&lt;\/p&gt;\" data-image-caption=\"&lt;p&gt;Studie \u00fcber denken-digitaler-humanismus&lt;\/p&gt;\" data-large-file=\"https:\/\/i0.wp.com\/digitalerhumanismus.org\/wp-content\/uploads\/2020\/12\/Parmenides-Foundation.png?fit=125%2C133&amp;ssl=1\" width=\"125\" height=\"133\" src=\"https:\/\/i0.wp.com\/digitalerhumanismus.org\/wp-content\/uploads\/2020\/12\/Parmenides-Foundation.png?fit=125%2C133&amp;ssl=1\" class=\"attachment-large size-large wp-image-547\" alt=\"parmenides-foundation\" \/>\t\t\t\t\t\t\t\t\t\t\t\t\t\t\t<\/div>\n\t\t\t\t<\/div>\n\t\t\t\t\t<\/div>\n\t\t<\/div>\n\t\t\t\t\t<\/div>\n\t\t<\/section>\n\t\t\t\t<section class=\"elementor-section elementor-top-section elementor-element elementor-element-13bd3be elementor-section-boxed elementor-section-height-default elementor-section-height-default\" data-id=\"13bd3be\" data-element_type=\"section\" data-e-type=\"section\">\n\t\t\t\t\t\t\t<div class=\"elementor-background-overlay\"><\/div>\n\t\t\t\t\t\t\t<div class=\"elementor-container elementor-column-gap-default\">\n\t\t\t\t\t<div class=\"elementor-column elementor-col-100 elementor-top-column elementor-element elementor-element-bed84d2\" data-id=\"bed84d2\" data-element_type=\"column\" data-e-type=\"column\">\n\t\t\t<div class=\"elementor-widget-wrap\">\n\t\t\t\t\t\t\t<\/div>\n\t\t<\/div>\n\t\t\t\t\t<\/div>\n\t\t<\/section>\n\t\t\t\t<section class=\"elementor-section elementor-top-section elementor-element elementor-element-11fb3b8 elementor-section-boxed elementor-section-height-default elementor-section-height-default\" data-id=\"11fb3b8\" data-element_type=\"section\" data-e-type=\"section\" data-settings=\"{&quot;background_background&quot;:&quot;gradient&quot;}\">\n\t\t\t\t\t\t<div class=\"elementor-container elementor-column-gap-default\">\n\t\t\t\t\t<div class=\"elementor-column elementor-col-100 elementor-top-column elementor-element elementor-element-ec6322d\" data-id=\"ec6322d\" data-element_type=\"column\" data-e-type=\"column\">\n\t\t\t<div class=\"elementor-widget-wrap elementor-element-populated\">\n\t\t\t\t\t\t<div class=\"elementor-element elementor-element-03fa7df elementor-widget elementor-widget-text-editor\" data-id=\"03fa7df\" data-element_type=\"widget\" data-e-type=\"widget\" data-widget_type=\"text-editor.default\">\n\t\t\t\t<div class=\"elementor-widget-container\">\n\t\t\t\t\t\t\t\t\t<p class=\"p3\">Impressum<\/p><p class=\"p4\">Angaben gem\u00e4\u00df \u00a7 5 TMG<\/p><p class=\"p1\">Parmenides Foundation<\/p><p class=\"p1\">Kirchplatz 1 D<\/p><p class=\"p1\">82049 Pullach am Isartal<\/p><p class=\"p4\">Contact<\/p><p class=\"p1\">Telefon: +49 (0) 89 45209 35-0<\/p><p class=\"p1\">E-Mail: nida-ruemelin.sekretariat@parmenides-foundation.org<\/p><p class=\"p4\">Redaktionell Verantwortlicher<\/p><p class=\"p1\">Parmenides Foundation<\/p><p class=\"p1\">Kirchplatz 1 D<\/p><p class=\"p1\">82049 Pullach am Isartal<\/p><p>Design: <a href=\"https:\/\/dianevonschoen-webdesign.de\" target=\"_blank\" rel=\"noopener\">Diane von Schoen<\/a><\/p><p>Video &amp; Fotos:<a href=\"https:\/\/www.istockphoto.com\/de\/videos\/kommunikation-kommunikationstechnologie?phrase=Kommunikation%20Kommunikationstechnologie&amp;sort=best\" target=\"_blank\" rel=\"noopener\"> Istock<\/a><\/p><p>\u00a0<\/p><p class=\"p5\"><strong><span style=\"text-decoration: underline;\">Haftung fu\u0308r Inhalte<\/span><\/strong><\/p><p class=\"p1\">Als Diensteanbieter sind wir gem\u00e4\u00df \u00a7 7 Abs.1 TMG fu\u0308r eigene Inhalte auf diesen Seiten nach den<\/p><p class=\"p1\">allgemeinen Gesetzen verantwortlich. Nach \u00a7\u00a7 8 bis 10 TMG sind wir als Diensteanbieter jedoch nicht<\/p><p class=\"p1\">verpflichtet, u\u0308bermittelte oder gespeicherte fremde Informationen zu u\u0308berwachen oder nach Umst\u00e4nden zu<\/p><p class=\"p1\">forschen, die auf eine rechtswidrige T\u00e4tigkeit hinweisen.<\/p><p class=\"p1\">Verpflichtungen zur Entfernung oder Sperrung der Nutzung von Informationen nach den allgemeinen<\/p><p class=\"p1\">Gesetzen bleiben hiervon unberu\u0308hrt. Eine diesbezu\u0308gliche Haftung ist jedoch erst ab dem Zeitpunkt der<\/p><p class=\"p1\">Kenntnis einer konkreten Rechtsverletzung m\u00f6glich. Bei Bekanntwerden von entsprechenden<\/p><p class=\"p1\">Rechtsverletzungen werden wir diese Inhalte umgehend entfernen.<\/p><p class=\"p5\"><strong><span style=\"text-decoration: underline;\">Haftung fu\u0308r Links<\/span><\/strong><\/p><p class=\"p1\">Unser Angebot enth\u00e4lt Links zu externen Websites Dritter, auf deren Inhalte wir keinen Einfluss haben.<\/p><p class=\"p1\">Deshalb k\u00f6nnen wir fu\u0308r diese fremden Inhalte auch keine Gew\u00e4hr u\u0308bernehmen. Fu\u0308r die Inhalte der<\/p><p class=\"p1\">verlinkten Seiten ist stets der jeweilige Anbieter oder Betreiber der Seiten verantwortlich. Die verlinkten<\/p><p class=\"p1\">Seiten wurden zum Zeitpunkt der Verlinkung auf m\u00f6gliche Rechtsverst\u00f6\u00dfe u\u0308berpru\u0308ft. Rechtswidrige Inhalte<\/p><p class=\"p2\">2 \/ 4<\/p><p class=\"p1\">waren zum Zeitpunkt der Verlinkung nicht erkennbar.<\/p><p class=\"p1\">Eine permanente inhaltliche Kontrolle der verlinkten Seiten ist jedoch ohne konkrete Anhaltspunkte einer<\/p><p class=\"p1\">Rechtsverletzung nicht zumutbar. Bei Bekanntwerden von Rechtsverletzungen werden wir derartige Links<\/p><p class=\"p1\">umgehend entfernen.<\/p><p class=\"p5\"><strong><span style=\"text-decoration: underline;\">Urheberrecht<\/span><\/strong><\/p><p class=\"p1\">Die durch die Seitenbetreiber erstellten Inhalte und Werke auf diesen Seiten unterliegen dem deutschen<\/p><p class=\"p1\">Urheberrecht. Die Vervielf\u00e4ltigung, Bearbeitung, Verbreitung und jede Art der Verwertung au\u00dferhalb der<\/p><p class=\"p1\">Grenzen des Urheberrechtes bedu\u0308rfen der schriftlichen Zustimmung des jeweiligen Autors bzw. Erstellers.<\/p><p class=\"p1\">Downloads und Kopien dieser Seite sind nur fu\u0308r den privaten, nicht kommerziellen Gebrauch gestattet.<\/p><p class=\"p1\">Soweit die Inhalte auf dieser Seite nicht vom Betreiber erstellt wurden, werden die Urheberrechte Dritter<\/p><p class=\"p1\">beachtet. Insbesondere werden Inhalte Dritter als solche gekennzeichnet. Sollten Sie trotzdem auf eine<\/p><p class=\"p1\">Urheberrechtsverletzung aufmerksam werden, bitten wir um einen entsprechenden Hinweis. Bei<\/p><p class=\"p1\">Bekanntwerden von Rechtsverletzungen werden wir derartige Inhalte umgehend entfernen.<\/p><p class=\"p1\"><strong>Quelle:<\/strong><\/p><p class=\"p6\">e-recht24.de<\/p><p class=\"p2\">\u00a0<\/p>\t\t\t\t\t\t\t\t<\/div>\n\t\t\t\t<\/div>\n\t\t\t\t\t<\/div>\n\t\t<\/div>\n\t\t\t\t\t<\/div>\n\t\t<\/section>\n\t\t\t\t<\/div>","protected":false},"excerpt":{"rendered":"<p>Impressum Impressum Angaben gem\u00e4\u00df \u00a7 5 TMG Parmenides Foundation Kirchplatz 1 D 82049 Pullach am Isartal Kontakt Telefon: +49 (0) 89 45209 35-0 E-Mail: nida-ruemelin.sekretariat@parmenides-foundation.org Redaktionell Verantwortlicher Parmenides Foundation Kirchplatz 1 D 82049 Pullach am Isartal Design: Diane von Schoen Video &amp; Fotos: Istock Haftung fu\u0308r Inhalte Als Diensteanbieter sind wir gem\u00e4\u00df \u00a7 7 Abs.1 [&hellip;]<\/p>","protected":false},"author":194332538,"featured_media":0,"parent":0,"menu_order":0,"comment_status":"closed","ping_status":"closed","template":"","meta":{"_coblocks_attr":"","_coblocks_dimensions":"","_coblocks_responsive_height":"","_coblocks_accordion_ie_support":"","site-sidebar-layout":"no-sidebar","site-content-layout":"page-builder","ast-site-content-layout":"","site-content-style":"default","site-sidebar-style":"default","ast-global-header-display":"","ast-banner-title-visibility":"","ast-main-header-display":"","ast-hfb-above-header-display":"","ast-hfb-below-header-display":"","ast-hfb-mobile-header-display":"","site-post-title":"disabled","ast-breadcrumbs-content":"","ast-featured-img":"disabled","footer-sml-layout":"","theme-transparent-header-meta":"default","adv-header-id-meta":"","stick-header-meta":"","header-above-stick-meta":"","header-main-stick-meta":"","header-below-stick-meta":"","astra-migrate-meta-layouts":"default","ast-page-background-enabled":"default","ast-page-background-meta":{"desktop":{"background-color":"","background-image":"","background-repeat":"repeat","background-position":"center center","background-size":"auto","background-attachment":"scroll","background-type":"","background-media":"","overlay-type":"","overlay-color":"","overlay-gradient":""},"tablet":{"background-color":"","background-image":"","background-repeat":"repeat","background-position":"center center","background-size":"auto","background-attachment":"scroll","background-type":"","background-media":"","overlay-type":"","overlay-color":"","overlay-gradient":""},"mobile":{"background-color":"","background-image":"","background-repeat":"repeat","background-position":"center center","background-size":"auto","background-attachment":"scroll","background-type":"","background-media":"","overlay-type":"","overlay-color":"","overlay-gradient":""}},"ast-content-background-meta":{"desktop":{"background-color":"var(--ast-global-color-5)","background-image":"","background-repeat":"repeat","background-position":"center center","background-size":"auto","background-attachment":"scroll","background-type":"","background-media":"","overlay-type":"","overlay-color":"","overlay-gradient":""},"tablet":{"background-color":"var(--ast-global-color-5)","background-image":"","background-repeat":"repeat","background-position":"center center","background-size":"auto","background-attachment":"scroll","background-type":"","background-media":"","overlay-type":"","overlay-color":"","overlay-gradient":""},"mobile":{"background-color":"var(--ast-global-color-5)","background-image":"","background-repeat":"repeat","background-position":"center center","background-size":"auto","background-attachment":"scroll","background-type":"","background-media":"","overlay-type":"","overlay-color":"","overlay-gradient":""}},"footnotes":""},"class_list":["post-527","page","type-page","status-publish","hentry"],"jetpack_shortlink":"https:\/\/wp.me\/PcABdm-8v","jetpack_sharing_enabled":true,"amp_enabled":true,"_links":{"self":[{"href":"https:\/\/digitalerhumanismus.org\/en\/wp-json\/wp\/v2\/pages\/527","targetHints":{"allow":["GET"]}}],"collection":[{"href":"https:\/\/digitalerhumanismus.org\/en\/wp-json\/wp\/v2\/pages"}],"about":[{"href":"https:\/\/digitalerhumanismus.org\/en\/wp-json\/wp\/v2\/types\/page"}],"author":[{"embeddable":true,"href":"https:\/\/digitalerhumanismus.org\/en\/wp-json\/wp\/v2\/users\/194332538"}],"replies":[{"embeddable":true,"href":"https:\/\/digitalerhumanismus.org\/en\/wp-json\/wp\/v2\/comments?post=527"}],"version-history":[{"count":19,"href":"https:\/\/digitalerhumanismus.org\/en\/wp-json\/wp\/v2\/pages\/527\/revisions"}],"predecessor-version":[{"id":1569,"href":"https:\/\/digitalerhumanismus.org\/en\/wp-json\/wp\/v2\/pages\/527\/revisions\/1569"}],"wp:attachment":[{"href":"https:\/\/digitalerhumanismus.org\/en\/wp-json\/wp\/v2\/media?parent=527"}],"curies":[{"name":"wp","href":"https:\/\/api.w.org\/{rel}","templated":true}]}}